{"id":545,"date":"2025-06-16T10:44:16","date_gmt":"2025-06-16T08:44:16","guid":{"rendered":"https:\/\/www.ferroalliance.fr\/ponte-en-contacto-con\/"},"modified":"2025-07-02T09:41:29","modified_gmt":"2025-07-02T07:41:29","slug":"ponte-en-contacto-con","status":"publish","type":"page","link":"https:\/\/www.ferroalliance.fr\/es\/ponte-en-contacto-con\/","title":{"rendered":"Ponte en contacto con"},"content":{"rendered":"\n<div class=\"wp-block-group alignfull is-style-striped has-global-padding is-layout-constrained wp-block-group-is-layout-constrained\">\n<div class=\"wp-block-columns alignwide is-layout-flex wp-container-core-columns-is-layout-28f84493 wp-block-columns-is-layout-flex\">\n<div class=\"wp-block-column is-layout-flow wp-block-column-is-layout-flow\" style=\"flex-basis:25%\"><\/div>\n\n\n\n<div class=\"wp-block-column is-layout-flow wp-block-column-is-layout-flow\" style=\"flex-basis:50%\">\n<h2 class=\"wp-block-heading has-text-align-center\">Hablemos de tus proyectos<\/h2>\n\n\n\n<p class=\"has-text-align-left\">\u00bfTienes una pregunta, una idea o un proyecto que desarrollar en el \u00e1mbito del transporte ferroviario de mercanc\u00edas? No dudes en ponerte en contacto conmigo. Estar\u00e9 encantada de hablar contigo para comprender tus necesidades y ayudarte a aplicar soluciones pr\u00e1cticas, sostenibles y adecuadas.<\/p>\n<\/div>\n\n\n\n<div class=\"wp-block-column is-layout-flow wp-block-column-is-layout-flow\" style=\"flex-basis:25%\"><\/div>\n<\/div>\n\n\n\n<div style=\"height:100px\" aria-hidden=\"true\" class=\"wp-block-spacer is-style-spacer-m\"><\/div>\n\n\n\n<div class=\"wp-block-columns alignwide is-layout-flex wp-container-core-columns-is-layout-28f84493 wp-block-columns-is-layout-flex\">\n<div class=\"wp-block-column is-layout-flow wp-block-column-is-layout-flow\">\n<div class=\"wp-block-contact-form-7-contact-form-selector\">\n<div class=\"wpcf7 no-js\" id=\"wpcf7-f696-o1\" lang=\"es-ES\" dir=\"ltr\" data-wpcf7-id=\"696\">\n<div class=\"screen-reader-response\"><p role=\"status\" aria-live=\"polite\" aria-atomic=\"true\"><\/p> <ul><\/ul><\/div>\n<form action=\"\/es\/wp-json\/wp\/v2\/pages\/545#wpcf7-f696-o1\" method=\"post\" class=\"wpcf7-form init wpcf7-acceptance-as-validation\" aria-label=\"Formulario de contacto\" novalidate=\"novalidate\" data-status=\"init\">\n<fieldset class=\"hidden-fields-container\"><input type=\"hidden\" name=\"_wpcf7\" value=\"696\" \/><input type=\"hidden\" name=\"_wpcf7_version\" value=\"6.1.5\" \/><input type=\"hidden\" name=\"_wpcf7_locale\" value=\"es_ES\" \/><input type=\"hidden\" name=\"_wpcf7_unit_tag\" value=\"wpcf7-f696-o1\" \/><input type=\"hidden\" name=\"_wpcf7_container_post\" value=\"0\" \/><input type=\"hidden\" name=\"_wpcf7_posted_data_hash\" value=\"\" \/>\n<\/fieldset>\n<div class=\"cf7-grid\">\n\t<div class=\"cf7-col\">\n\t\t<p><span class=\"wpcf7-form-control-wrap\" data-name=\"nom\"><input size=\"40\" maxlength=\"400\" class=\"wpcf7-form-control wpcf7-text wpcf7-validates-as-required\" aria-required=\"true\" aria-invalid=\"false\" placeholder=\"Nombre\" value=\"\" type=\"text\" name=\"nom\" \/><\/span>\n\t\t<\/p>\n\t<\/div>\n\t<div class=\"cf7-col\">\n\t\t<p><span class=\"wpcf7-form-control-wrap\" data-name=\"prenom\"><input size=\"40\" maxlength=\"400\" class=\"wpcf7-form-control wpcf7-text wpcf7-validates-as-required\" aria-required=\"true\" aria-invalid=\"false\" placeholder=\"Apellido\" value=\"\" type=\"text\" name=\"prenom\" \/><\/span>\n\t\t<\/p>\n\t<\/div>\n\t<div class=\"cf7-full\">\n\t\t<p><span class=\"wpcf7-form-control-wrap\" data-name=\"email\"><input size=\"40\" maxlength=\"400\" class=\"wpcf7-form-control wpcf7-email wpcf7-validates-as-required wpcf7-text wpcf7-validates-as-email\" aria-required=\"true\" aria-invalid=\"false\" placeholder=\"Correo electr\u00f3nico\" value=\"\" type=\"email\" name=\"email\" \/><\/span>\n\t\t<\/p>\n\t<\/div>\n\t<div class=\"cf7-col\">\n\t\t<p><span class=\"wpcf7-form-control-wrap\" data-name=\"telephone\"><input size=\"40\" maxlength=\"400\" class=\"wpcf7-form-control wpcf7-tel wpcf7-validates-as-required wpcf7-text wpcf7-validates-as-tel\" aria-required=\"true\" aria-invalid=\"false\" placeholder=\"Tel\u00e9fono\" value=\"\" type=\"tel\" name=\"telephone\" \/><\/span>\n\t\t<\/p>\n\t<\/div>\n\t<div class=\"cf7-col\">\n\t\t<p><span class=\"wpcf7-form-control-wrap\" data-name=\"pais\"><input size=\"40\" maxlength=\"400\" class=\"wpcf7-form-control wpcf7-text\" aria-invalid=\"false\" placeholder=\"Pa\u00eds\" value=\"\" type=\"text\" name=\"pais\" \/><\/span>\n\t\t<\/p>\n\t<\/div>\n\t<div class=\"cf7-full\">\n\t\t<p><span class=\"wpcf7-form-control-wrap\" data-name=\"message\"><textarea cols=\"40\" rows=\"10\" maxlength=\"2000\" class=\"wpcf7-form-control wpcf7-textarea\" aria-invalid=\"false\" placeholder=\"Su mensaje\" name=\"message\"><\/textarea><\/span>\n\t\t<\/p>\n\t<\/div>\n\t<div class=\"cf7-full\">\n\t\t<p><span class=\"wpcf7-form-control-wrap\" data-name=\"acceptance-32\"><span class=\"wpcf7-form-control wpcf7-acceptance\"><span class=\"wpcf7-list-item\"><label><input type=\"checkbox\" name=\"acceptance-32\" value=\"1\" aria-invalid=\"false\" \/><span class=\"wpcf7-list-item-label\">Al enviar este formulario, acepto que la informaci\u00f3n introducida se utilice para ponerse en contacto conmigo en relaci\u00f3n con mi solicitud.\nPara saber m\u00e1s sobre c\u00f3mo gestionamos sus datos, consulte nuestra pol\u00edtica de privacidad.<\/span><\/label><\/span><\/span><\/span>\n\t\t<\/p>\n\t<\/div>\n\t<div class=\"cf7-full\">\n\t\t<p><input class=\"wpcf7-form-control wpcf7-submit has-spinner\" type=\"submit\" value=\"Enviar\" \/>\n\t\t<\/p>\n\t<\/div>\n<\/div><div class=\"wpcf7-response-output\" aria-hidden=\"true\"><\/div>\n<\/form>\n<\/div>\n<\/div>\n<\/div>\n\n\n\n<div class=\"wp-block-column is-vertically-aligned-center is-layout-flow wp-block-column-is-layout-flow\">\n<figure class=\"wp-block-image size-full is-resized\"><img decoding=\"async\" src=\"https:\/\/www.ferroalliance.fr\/wp-content\/uploads\/2025\/06\/logo-ferroalliance.svg\" alt=\"\" class=\"wp-image-90\" style=\"width:317px;height:auto\"><\/figure>\n\n\n\n<p><strong>Direcci\u00f3n <\/strong>: 11 rue de Marechal Foch 64000 Pau, Francia<\/p>\n\n\n\n<p><strong>Correo electr\u00f3nico <\/strong>: contact@ferroalliance.fr<\/p>\n<\/div>\n<\/div>\n<\/div>\n","protected":false},"excerpt":{"rendered":"<p>Hablemos de tus proyectos \u00bfTienes una pregunta, una idea o un proyecto que desarrollar en el \u00e1mbito del transporte ferroviario de mercanc\u00edas? No dudes en ponerte en contacto conmigo. Estar\u00e9 encantada de hablar contigo para comprender tus necesidades y ayudarte a aplicar soluciones pr\u00e1cticas, sostenibles y adecuadas. Direcci\u00f3n : 11 rue de Marechal Foch 64000 [&hellip;]<\/p>\n","protected":false},"author":1,"featured_media":539,"parent":0,"menu_order":0,"comment_status":"closed","ping_status":"closed","template":"","meta":{"_seopress_robots_primary_cat":"","_seopress_titles_title":"Contacto Ferroalliance - Hablemos de su proyecto","_seopress_titles_desc":"\u00bfTienes una pregunta, una idea o un proyecto que desarrollar en el \u00e1mbito del transporte ferroviario de mercanc\u00edas? No dudes en ponerte en contacto conmigo.","_seopress_robots_index":"","pgc_sgb_lightbox_settings":"","footnotes":""},"class_list":["post-545","page","type-page","status-publish","has-post-thumbnail"],"_links":{"self":[{"href":"https:\/\/www.ferroalliance.fr\/es\/wp-json\/wp\/v2\/pages\/545","targetHints":{"allow":["GET"]}}],"collection":[{"href":"https:\/\/www.ferroalliance.fr\/es\/wp-json\/wp\/v2\/pages"}],"about":[{"href":"https:\/\/www.ferroalliance.fr\/es\/wp-json\/wp\/v2\/types\/page"}],"author":[{"embeddable":true,"href":"https:\/\/www.ferroalliance.fr\/es\/wp-json\/wp\/v2\/users\/1"}],"replies":[{"embeddable":true,"href":"https:\/\/www.ferroalliance.fr\/es\/wp-json\/wp\/v2\/comments?post=545"}],"version-history":[{"count":2,"href":"https:\/\/www.ferroalliance.fr\/es\/wp-json\/wp\/v2\/pages\/545\/revisions"}],"predecessor-version":[{"id":697,"href":"https:\/\/www.ferroalliance.fr\/es\/wp-json\/wp\/v2\/pages\/545\/revisions\/697"}],"wp:featuredmedia":[{"embeddable":true,"href":"https:\/\/www.ferroalliance.fr\/es\/wp-json\/wp\/v2\/media\/539"}],"wp:attachment":[{"href":"https:\/\/www.ferroalliance.fr\/es\/wp-json\/wp\/v2\/media?parent=545"}],"curies":[{"name":"wp","href":"https:\/\/api.w.org\/{rel}","templated":true}]}}